{"id":2451,"date":"2017-01-30T18:39:13","date_gmt":"2017-01-30T18:39:13","guid":{"rendered":"http:\/\/www.metalatelje.lv\/uznemuma-kontakti\/"},"modified":"2018-05-02T15:44:42","modified_gmt":"2018-05-02T12:44:42","slug":"uznemuma-kontakti","status":"publish","type":"page","link":"http:\/\/www.metalatelje.lv\/en\/uznemuma-kontakti\/","title":{"rendered":"Contacts"},"content":{"rendered":"<h4 style=\"text-align: left;\">Metal and design factory<\/h4>\n<p style=\"text-align: left;\"><a href=\"http:\/\/metalatelje.lv\/wp-content\/uploads\/2017\/01\/placeholder.png\"><img loading=\"lazy\" decoding=\"async\" class=\"alignnone wp-image-2395 size-full\" src=\"http:\/\/metalatelje.lv\/wp-content\/uploads\/2017\/01\/placeholder.png\" alt=\"\" width=\"16\" height=\"16\" \/><\/a>\u00a0Salaspils Nov., Salaspis lt., Doles sala, &#8220;Industri\u0101l\u0101 teritorija, Sp\u0113lma\u0146i&#8221;<\/p>\n<p style=\"text-align: left;\"><a href=\"http:\/\/metalatelje.lv\/wp-content\/uploads\/2017\/01\/clock-2.png\"><img loading=\"lazy\" decoding=\"async\" class=\"alignnone wp-image-2396 size-full\" src=\"http:\/\/metalatelje.lv\/wp-content\/uploads\/2017\/01\/clock-2.png\" alt=\"\" width=\"16\" height=\"16\" \/><\/a> P.-Pk. 8.00\u201317.00\u00a0 \u2022\u00a0 S., Sv.\u00a0sl\u0113gts<\/p>\n<p style=\"text-align: left;\"><a href=\"http:\/\/metalatelje.lv\/wp-content\/uploads\/2017\/01\/phone-call-2.png\"><img loading=\"lazy\" decoding=\"async\" class=\"alignnone wp-image-2397 size-full\" src=\"http:\/\/metalatelje.lv\/wp-content\/uploads\/2017\/01\/phone-call-2.png\" alt=\"\" width=\"16\" height=\"16\" \/><\/a>\u00a0<a style=\"text-decoration: none; color: #333;\" href=\"tel:0037126003100\">+371 26003100<\/a><\/p>\n<p style=\"text-align: left;\"><a href=\"http:\/\/metalatelje.lv\/wp-content\/uploads\/2017\/01\/mail-2-1.png\"><img loading=\"lazy\" decoding=\"async\" class=\"alignnone wp-image-2399 size-full\" src=\"http:\/\/metalatelje.lv\/wp-content\/uploads\/2017\/01\/mail-2-1.png\" alt=\"\" width=\"16\" height=\"16\" \/><\/a>\u00a0<a style=\"text-decoration: none; color: #333;\" href=\"mailto:atelje@metalatelje.lv\">atelje@metalatelje.lv<\/a><\/p>\n<p>&nbsp;<\/p>\n<h5>Requisites<\/h5>\n<p>&nbsp;<\/p>\n<blockquote>\n<p style=\"text-align: left;\">SIA &#8220;J4F&#8221;<br \/>\nReg. 40103275683<br \/>\nVAT Nr. LV40103275683<br \/>\nLegal Address: Salaspils novads, Salaspils pagasts, &#8220;J\u0101\u0146kalni&#8221;, LV-2121<br \/>\nSEB Bank, account: LV62UNLA0050015164036<\/p>\n<\/blockquote>\n<p>&nbsp;<\/p>\n<p style=\"font-size: 90%; text-align: center;\">\u00a9 2006 &#8211; 2017 Metal atelje&#8217; Inc<\/p>\n","protected":false},"excerpt":{"rendered":"<p>Metal and design factory \u00a0Salaspils Nov., Salaspis lt., Doles sala, &#8220;Industri\u0101l\u0101 teritorija, Sp\u0113lma\u0146i&#8221; P.-Pk. 8.00\u201317.00\u00a0 \u2022\u00a0 S., Sv.\u00a0sl\u0113gts \u00a0+371 26003100 \u00a0atelje@metalatelje.lv &nbsp; Requisites &nbsp; SIA &#8220;J4F&#8221; Reg. 40103275683 VAT Nr. LV40103275683 Legal Address: Salaspils novads, Salaspils pagasts, &#8220;J\u0101\u0146kalni&#8221;, LV-2121 SEB Bank, account: LV62UNLA0050015164036 &nbsp; \u00a9 2006 &#8211; 2017 Metal atelje&#8217; Inc<\/p>\n","protected":false},"author":1,"featured_media":0,"parent":0,"menu_order":0,"comment_status":"closed","ping_status":"closed","template":"contact.php","meta":{"footnotes":""},"_links":{"self":[{"href":"http:\/\/www.metalatelje.lv\/en\/wp-json\/wp\/v2\/pages\/2451"}],"collection":[{"href":"http:\/\/www.metalatelje.lv\/en\/wp-json\/wp\/v2\/pages"}],"about":[{"href":"http:\/\/www.metalatelje.lv\/en\/wp-json\/wp\/v2\/types\/page"}],"author":[{"embeddable":true,"href":"http:\/\/www.metalatelje.lv\/en\/wp-json\/wp\/v2\/users\/1"}],"replies":[{"embeddable":true,"href":"http:\/\/www.metalatelje.lv\/en\/wp-json\/wp\/v2\/comments?post=2451"}],"version-history":[{"count":2,"href":"http:\/\/www.metalatelje.lv\/en\/wp-json\/wp\/v2\/pages\/2451\/revisions"}],"predecessor-version":[{"id":2483,"href":"http:\/\/www.metalatelje.lv\/en\/wp-json\/wp\/v2\/pages\/2451\/revisions\/2483"}],"wp:attachment":[{"href":"http:\/\/www.metalatelje.lv\/en\/wp-json\/wp\/v2\/media?parent=2451"}],"curies":[{"name":"wp","href":"https:\/\/api.w.org\/{rel}","templated":true}]}}